{"id":2,"date":"2024-09-20T11:16:08","date_gmt":"2024-09-20T11:16:08","guid":{"rendered":"https:\/\/carpinteriaartetxe.rkinformatika.online\/?page_id=2"},"modified":"2025-02-10T09:16:38","modified_gmt":"2025-02-10T09:16:38","slug":"inicio","status":"publish","type":"page","link":"https:\/\/clinicadentaligorre.com\/eu\/","title":{"rendered":"Hasiera"},"content":{"rendered":"<div data-elementor-type=\"wp-page\" data-elementor-id=\"2\" class=\"elementor elementor-2\" data-elementor-post-type=\"page\">\n\t\t\t\t<div class=\"elementor-element elementor-element-99bfd16 e-con-full e-flex e-con e-parent\" data-id=\"99bfd16\" data-element_type=\"container\" data-e-type=\"container\" data-settings=\"{&quot;background_background&quot;:&quot;classic&quot;}\">\n\t\t\t\t<div class=\"elementor-element elementor-element-fe7d472 elementor-widget elementor-widget-heading\" data-id=\"fe7d472\" data-element_type=\"widget\" data-e-type=\"widget\" data-widget_type=\"heading.default\">\n\t\t\t\t<div class=\"elementor-widget-container\">\n\t\t\t\t\t<h2 class=\"elementor-heading-title elementor-size-default\">ESPERIENTZIA ETA DEDIKAZIOA<\/h2>\t\t\t\t<\/div>\n\t\t\t\t<\/div>\n\t\t\t\t<div class=\"elementor-element elementor-element-2cc1ed2 elementor-widget elementor-widget-heading\" data-id=\"2cc1ed2\" data-element_type=\"widget\" data-e-type=\"widget\" data-widget_type=\"heading.default\">\n\t\t\t\t<div class=\"elementor-widget-container\">\n\t\t\t\t\t<h2 class=\"elementor-heading-title elementor-size-default\">NAGORE ATXA ODONTOLOGOA<\/h2>\t\t\t\t<\/div>\n\t\t\t\t<\/div>\n\t\t\t\t<\/div>\n\t\t<div class=\"elementor-element elementor-element-86dc876 e-flex e-con-boxed e-con e-parent\" data-id=\"86dc876\" data-element_type=\"container\" data-e-type=\"container\">\n\t\t\t\t\t<div class=\"e-con-inner\">\n\t\t<div class=\"elementor-element elementor-element-7e47aad e-con-full e-flex e-con e-child\" data-id=\"7e47aad\" data-element_type=\"container\" data-e-type=\"container\" data-settings=\"{&quot;background_background&quot;:&quot;classic&quot;}\">\n\t\t\t\t<\/div>\n\t\t<div class=\"elementor-element elementor-element-e54591e e-con-full e-flex e-con e-child\" data-id=\"e54591e\" data-element_type=\"container\" data-e-type=\"container\">\n\t\t\t\t<div class=\"elementor-element elementor-element-54c724a elementor-widget__width-initial elementor-widget elementor-widget-heading\" data-id=\"54c724a\" data-element_type=\"widget\" data-e-type=\"widget\" data-widget_type=\"heading.default\">\n\t\t\t\t<div class=\"elementor-widget-container\">\n\t\t\t\t\t<h2 class=\"elementor-heading-title elementor-size-default\">Guri Buruz<\/h2>\t\t\t\t<\/div>\n\t\t\t\t<\/div>\n\t\t\t\t<div class=\"elementor-element elementor-element-7278379 elementor-widget elementor-widget-text-editor\" data-id=\"7278379\" data-element_type=\"widget\" data-e-type=\"widget\" data-widget_type=\"text-editor.default\">\n\t\t\t\t<div class=\"elementor-widget-container\">\n\t\t\t\t\t\t\t\t\t<p><strong>40 urte baino gehiagoko esperientziarekin,<\/strong>Igorre Hortz Klinikan erreferente gisa finkatu gara ahoko zaintzan, pozik dauden milaka pazienteren konfiantzari esker.<\/p><p>Kalitate handiko tratamenduak eskaintzen ditugu, teknologia aurreratuenek eta arreta pertsonalizatuko ikuspegiak babestuta.<\/p><p><strong>Gure zerbitzu sorta zabala ingurune profesional eta abegikorrean eskaintzen da.\u00a0<\/strong><\/p>\t\t\t\t\t\t\t\t<\/div>\n\t\t\t\t<\/div>\n\t\t\t\t<\/div>\n\t\t\t\t\t<\/div>\n\t\t\t\t<\/div>\n\t\t\t\t<\/div>","protected":false},"excerpt":{"rendered":"<p>Experiencia y Dedicaci\u00f3n Odont\u00f3loga Nagore Atxa Sobre Nosotros Con m\u00e1s de 40 a\u00f1os de experiencia, en la Cl\u00ednica Dental Igorre nos hemos consolidado como un referente en el cuidado bucal, gracias a la confianza de miles de pacientes satisfechos. Ofrecemos tratamientos de alta calidad, respaldados por las tecnolog\u00edas m\u00e1s avanzadas y un enfoque de atenci\u00f3n [&hellip;]<\/p>\n","protected":false},"author":4,"featured_media":0,"parent":0,"menu_order":0,"comment_status":"closed","ping_status":"closed","template":"","meta":{"footnotes":""},"class_list":["post-2","page","type-page","status-publish","hentry"],"yoast_head":"<!-- This site is optimized with the Yoast SEO plugin v27.3 - https:\/\/yoast.com\/product\/yoast-seo-wordpress\/ -->\n<title>Inicio - Cl\u00ednica Dental Igorre<\/title>\n<meta name=\"robots\" content=\"index, follow, max-snippet:-1, max-image-preview:large, max-video-preview:-1\" \/>\n<link rel=\"canonical\" href=\"https:\/\/clinicadentaligorre.com\/eu\/\" \/>\n<meta property=\"og:locale\" content=\"en_US\" \/>\n<meta property=\"og:type\" content=\"article\" \/>\n<meta property=\"og:title\" content=\"Inicio - Cl\u00ednica Dental Igorre\" \/>\n<meta property=\"og:description\" content=\"Experiencia y Dedicaci\u00f3n Odont\u00f3loga Nagore Atxa Sobre Nosotros Con m\u00e1s de 40 a\u00f1os de experiencia, en la Cl\u00ednica Dental Igorre nos hemos consolidado como un referente en el cuidado bucal, gracias a la confianza de miles de pacientes satisfechos. Ofrecemos tratamientos de alta calidad, respaldados por las tecnolog\u00edas m\u00e1s avanzadas y un enfoque de atenci\u00f3n [&hellip;]\" \/>\n<meta property=\"og:url\" content=\"https:\/\/clinicadentaligorre.com\/eu\/\" \/>\n<meta property=\"og:site_name\" content=\"Cl\u00ednica Dental Igorre\" \/>\n<meta property=\"article:modified_time\" content=\"2025-02-10T09:16:38+00:00\" \/>\n<meta name=\"twitter:card\" content=\"summary_large_image\" \/>\n<meta name=\"twitter:label1\" content=\"Est. reading time\" \/>\n\t<meta name=\"twitter:data1\" content=\"1 minutua\" \/>\n<script type=\"application\/ld+json\" class=\"yoast-schema-graph\">{\"@context\":\"https:\\\/\\\/schema.org\",\"@graph\":[{\"@type\":\"WebPage\",\"@id\":\"https:\\\/\\\/clinicadentaligorre.com\\\/\",\"url\":\"https:\\\/\\\/clinicadentaligorre.com\\\/\",\"name\":\"Inicio - Cl\u00ednica Dental Igorre\",\"isPartOf\":{\"@id\":\"https:\\\/\\\/clinicadentaligorre.com\\\/#website\"},\"datePublished\":\"2024-09-20T11:16:08+00:00\",\"dateModified\":\"2025-02-10T09:16:38+00:00\",\"breadcrumb\":{\"@id\":\"https:\\\/\\\/clinicadentaligorre.com\\\/#breadcrumb\"},\"inLanguage\":\"eu\",\"potentialAction\":[{\"@type\":\"ReadAction\",\"target\":[\"https:\\\/\\\/clinicadentaligorre.com\\\/\"]}]},{\"@type\":\"BreadcrumbList\",\"@id\":\"https:\\\/\\\/clinicadentaligorre.com\\\/#breadcrumb\",\"itemListElement\":[{\"@type\":\"ListItem\",\"position\":1,\"name\":\"Portada\",\"item\":\"https:\\\/\\\/clinicadentaligorre.com\\\/\"},{\"@type\":\"ListItem\",\"position\":2,\"name\":\"Inicio\"}]},{\"@type\":\"WebSite\",\"@id\":\"https:\\\/\\\/clinicadentaligorre.com\\\/#website\",\"url\":\"https:\\\/\\\/clinicadentaligorre.com\\\/\",\"name\":\"Cl\u00ednica Dental Igorre\",\"description\":\"Cl\u00ednica Dental\",\"publisher\":{\"@id\":\"https:\\\/\\\/clinicadentaligorre.com\\\/#organization\"},\"potentialAction\":[{\"@type\":\"SearchAction\",\"target\":{\"@type\":\"EntryPoint\",\"urlTemplate\":\"https:\\\/\\\/clinicadentaligorre.com\\\/?s={search_term_string}\"},\"query-input\":{\"@type\":\"PropertyValueSpecification\",\"valueRequired\":true,\"valueName\":\"search_term_string\"}}],\"inLanguage\":\"eu\"},{\"@type\":\"Organization\",\"@id\":\"https:\\\/\\\/clinicadentaligorre.com\\\/#organization\",\"name\":\"Cl\u00ednica Dental Igorre\",\"url\":\"https:\\\/\\\/clinicadentaligorre.com\\\/\",\"logo\":{\"@type\":\"ImageObject\",\"inLanguage\":\"eu\",\"@id\":\"https:\\\/\\\/clinicadentaligorre.com\\\/#\\\/schema\\\/logo\\\/image\\\/\",\"url\":\"https:\\\/\\\/clinicadentaligorre.com\\\/wp-content\\\/uploads\\\/2024\\\/12\\\/cropped-Borcelle.png\",\"contentUrl\":\"https:\\\/\\\/clinicadentaligorre.com\\\/wp-content\\\/uploads\\\/2024\\\/12\\\/cropped-Borcelle.png\",\"width\":500,\"height\":184,\"caption\":\"Cl\u00ednica Dental Igorre\"},\"image\":{\"@id\":\"https:\\\/\\\/clinicadentaligorre.com\\\/#\\\/schema\\\/logo\\\/image\\\/\"}}]}<\/script>\n<!-- \/ Yoast SEO plugin. -->","yoast_head_json":{"title":"Inicio - Cl\u00ednica Dental Igorre","robots":{"index":"index","follow":"follow","max-snippet":"max-snippet:-1","max-image-preview":"max-image-preview:large","max-video-preview":"max-video-preview:-1"},"canonical":"https:\/\/clinicadentaligorre.com\/eu\/","og_locale":"en_US","og_type":"article","og_title":"Inicio - Cl\u00ednica Dental Igorre","og_description":"Experiencia y Dedicaci\u00f3n Odont\u00f3loga Nagore Atxa Sobre Nosotros Con m\u00e1s de 40 a\u00f1os de experiencia, en la Cl\u00ednica Dental Igorre nos hemos consolidado como un referente en el cuidado bucal, gracias a la confianza de miles de pacientes satisfechos. Ofrecemos tratamientos de alta calidad, respaldados por las tecnolog\u00edas m\u00e1s avanzadas y un enfoque de atenci\u00f3n [&hellip;]","og_url":"https:\/\/clinicadentaligorre.com\/eu\/","og_site_name":"Cl\u00ednica Dental Igorre","article_modified_time":"2025-02-10T09:16:38+00:00","twitter_card":"summary_large_image","twitter_misc":{"Est. reading time":"1 minutua"},"schema":{"@context":"https:\/\/schema.org","@graph":[{"@type":"WebPage","@id":"https:\/\/clinicadentaligorre.com\/","url":"https:\/\/clinicadentaligorre.com\/","name":"Inicio - Cl\u00ednica Dental Igorre","isPartOf":{"@id":"https:\/\/clinicadentaligorre.com\/#website"},"datePublished":"2024-09-20T11:16:08+00:00","dateModified":"2025-02-10T09:16:38+00:00","breadcrumb":{"@id":"https:\/\/clinicadentaligorre.com\/#breadcrumb"},"inLanguage":"eu","potentialAction":[{"@type":"ReadAction","target":["https:\/\/clinicadentaligorre.com\/"]}]},{"@type":"BreadcrumbList","@id":"https:\/\/clinicadentaligorre.com\/#breadcrumb","itemListElement":[{"@type":"ListItem","position":1,"name":"Portada","item":"https:\/\/clinicadentaligorre.com\/"},{"@type":"ListItem","position":2,"name":"Inicio"}]},{"@type":"WebSite","@id":"https:\/\/clinicadentaligorre.com\/#website","url":"https:\/\/clinicadentaligorre.com\/","name":"Cl\u00ednica Dental Igorre","description":"Cl\u00ednica Dental","publisher":{"@id":"https:\/\/clinicadentaligorre.com\/#organization"},"potentialAction":[{"@type":"SearchAction","target":{"@type":"EntryPoint","urlTemplate":"https:\/\/clinicadentaligorre.com\/?s={search_term_string}"},"query-input":{"@type":"PropertyValueSpecification","valueRequired":true,"valueName":"search_term_string"}}],"inLanguage":"eu"},{"@type":"Organization","@id":"https:\/\/clinicadentaligorre.com\/#organization","name":"Cl\u00ednica Dental Igorre","url":"https:\/\/clinicadentaligorre.com\/","logo":{"@type":"ImageObject","inLanguage":"eu","@id":"https:\/\/clinicadentaligorre.com\/#\/schema\/logo\/image\/","url":"https:\/\/clinicadentaligorre.com\/wp-content\/uploads\/2024\/12\/cropped-Borcelle.png","contentUrl":"https:\/\/clinicadentaligorre.com\/wp-content\/uploads\/2024\/12\/cropped-Borcelle.png","width":500,"height":184,"caption":"Cl\u00ednica Dental Igorre"},"image":{"@id":"https:\/\/clinicadentaligorre.com\/#\/schema\/logo\/image\/"}}]}},"_links":{"self":[{"href":"https:\/\/clinicadentaligorre.com\/eu\/wp-json\/wp\/v2\/pages\/2","targetHints":{"allow":["GET"]}}],"collection":[{"href":"https:\/\/clinicadentaligorre.com\/eu\/wp-json\/wp\/v2\/pages"}],"about":[{"href":"https:\/\/clinicadentaligorre.com\/eu\/wp-json\/wp\/v2\/types\/page"}],"author":[{"embeddable":true,"href":"https:\/\/clinicadentaligorre.com\/eu\/wp-json\/wp\/v2\/users\/4"}],"replies":[{"embeddable":true,"href":"https:\/\/clinicadentaligorre.com\/eu\/wp-json\/wp\/v2\/comments?post=2"}],"version-history":[{"count":225,"href":"https:\/\/clinicadentaligorre.com\/eu\/wp-json\/wp\/v2\/pages\/2\/revisions"}],"predecessor-version":[{"id":874,"href":"https:\/\/clinicadentaligorre.com\/eu\/wp-json\/wp\/v2\/pages\/2\/revisions\/874"}],"wp:attachment":[{"href":"https:\/\/clinicadentaligorre.com\/eu\/wp-json\/wp\/v2\/media?parent=2"}],"curies":[{"name":"wp","href":"https:\/\/api.w.org\/{rel}","templated":true}]}}