{"id":30,"date":"2024-09-20T11:50:15","date_gmt":"2024-09-20T11:50:15","guid":{"rendered":"https:\/\/carpinteriaartetxe.rkinformatika.online\/?page_id=30"},"modified":"2025-02-10T09:17:06","modified_gmt":"2025-02-10T09:17:06","slug":"servicios","status":"publish","type":"page","link":"https:\/\/clinicadentaligorre.com\/eu\/servicios\/","title":{"rendered":"Tratamenduak"},"content":{"rendered":"<div data-elementor-type=\"wp-page\" data-elementor-id=\"30\" class=\"elementor elementor-30\" data-elementor-post-type=\"page\">\n\t\t\t\t<div class=\"elementor-element elementor-element-ca0447d e-con-full e-flex e-con e-parent\" data-id=\"ca0447d\" data-element_type=\"container\" data-e-type=\"container\" data-settings=\"{&quot;background_background&quot;:&quot;classic&quot;}\">\n\t\t\t\t<div class=\"elementor-element elementor-element-0d6c90a elementor-widget elementor-widget-heading\" data-id=\"0d6c90a\" data-element_type=\"widget\" data-e-type=\"widget\" data-widget_type=\"heading.default\">\n\t\t\t\t<div class=\"elementor-widget-container\">\n\t\t\t\t\t<h2 class=\"elementor-heading-title elementor-size-default\">Tratamenduak<\/h2>\t\t\t\t<\/div>\n\t\t\t\t<\/div>\n\t\t\t\t<\/div>\n\t\t<div class=\"elementor-element elementor-element-2a53d7c e-con-full e-flex e-con e-parent\" data-id=\"2a53d7c\" data-element_type=\"container\" data-e-type=\"container\">\n\t\t<div class=\"elementor-element elementor-element-9f23137 e-con-full e-flex e-con e-child\" data-id=\"9f23137\" data-element_type=\"container\" data-e-type=\"container\">\n\t\t\t\t<div class=\"elementor-element elementor-element-c290ca8 elementor-widget elementor-widget-heading\" data-id=\"c290ca8\" data-element_type=\"widget\" data-e-type=\"widget\" data-widget_type=\"heading.default\">\n\t\t\t\t<div class=\"elementor-widget-container\">\n\t\t\t\t\t<h2 class=\"elementor-heading-title elementor-size-default\">Blanqueamiento Dental<\/h2>\t\t\t\t<\/div>\n\t\t\t\t<\/div>\n\t\t\t\t<\/div>\n\t\t<div class=\"elementor-element elementor-element-10e55d4 e-con-full e-flex e-con e-child\" data-id=\"10e55d4\" data-element_type=\"container\" data-e-type=\"container\">\n\t\t\t\t<div class=\"elementor-element elementor-element-7bab38c elementor-widget elementor-widget-heading\" data-id=\"7bab38c\" data-element_type=\"widget\" data-e-type=\"widget\" data-widget_type=\"heading.default\">\n\t\t\t\t<div class=\"elementor-widget-container\">\n\t\t\t\t\t<h2 class=\"elementor-heading-title elementor-size-default\">Odontolog\u00eda General<\/h2>\t\t\t\t<\/div>\n\t\t\t\t<\/div>\n\t\t\t\t<\/div>\n\t\t<div class=\"elementor-element elementor-element-c736309 e-con-full e-flex e-con e-child\" data-id=\"c736309\" data-element_type=\"container\" data-e-type=\"container\">\n\t\t\t\t<div class=\"elementor-element elementor-element-0c4493c elementor-widget elementor-widget-heading\" data-id=\"0c4493c\" data-element_type=\"widget\" data-e-type=\"widget\" data-widget_type=\"heading.default\">\n\t\t\t\t<div class=\"elementor-widget-container\">\n\t\t\t\t\t<h2 class=\"elementor-heading-title elementor-size-default\">Implantes Dentales<\/h2>\t\t\t\t<\/div>\n\t\t\t\t<\/div>\n\t\t\t\t<\/div>\n\t\t<div class=\"elementor-element elementor-element-9d403a9 e-con-full e-flex e-con e-child\" data-id=\"9d403a9\" data-element_type=\"container\" data-e-type=\"container\">\n\t\t\t\t<div class=\"elementor-element elementor-element-433ed2b elementor-widget elementor-widget-heading\" data-id=\"433ed2b\" data-element_type=\"widget\" data-e-type=\"widget\" data-widget_type=\"heading.default\">\n\t\t\t\t<div class=\"elementor-widget-container\">\n\t\t\t\t\t<h2 class=\"elementor-heading-title elementor-size-default\">Pr\u00f3tesis Dentales<\/h2>\t\t\t\t<\/div>\n\t\t\t\t<\/div>\n\t\t\t\t<\/div>\n\t\t\t\t<\/div>\n\t\t<div class=\"elementor-element elementor-element-c0f1ea1 e-con-full e-flex e-con e-parent\" data-id=\"c0f1ea1\" data-element_type=\"container\" data-e-type=\"container\">\n\t\t<div class=\"elementor-element elementor-element-da40d80 e-con-full e-flex e-con e-child\" data-id=\"da40d80\" data-element_type=\"container\" data-e-type=\"container\">\n\t\t\t\t<div class=\"elementor-element elementor-element-16e9c00 elementor-widget elementor-widget-heading\" data-id=\"16e9c00\" data-element_type=\"widget\" data-e-type=\"widget\" data-widget_type=\"heading.default\">\n\t\t\t\t<div class=\"elementor-widget-container\">\n\t\t\t\t\t<h2 class=\"elementor-heading-title elementor-size-default\">Est\u00e9tica Dental<\/h2>\t\t\t\t<\/div>\n\t\t\t\t<\/div>\n\t\t\t\t<\/div>\n\t\t<div class=\"elementor-element elementor-element-c5cf02b e-con-full e-flex e-con e-child\" data-id=\"c5cf02b\" data-element_type=\"container\" data-e-type=\"container\">\n\t\t\t\t<div class=\"elementor-element elementor-element-865418a elementor-widget elementor-widget-heading\" data-id=\"865418a\" data-element_type=\"widget\" data-e-type=\"widget\" data-widget_type=\"heading.default\">\n\t\t\t\t<div class=\"elementor-widget-container\">\n\t\t\t\t\t<h2 class=\"elementor-heading-title elementor-size-default\">Endodoncia<\/h2>\t\t\t\t<\/div>\n\t\t\t\t<\/div>\n\t\t\t\t<\/div>\n\t\t<div class=\"elementor-element elementor-element-14ba242 e-con-full e-flex e-con e-child\" data-id=\"14ba242\" data-element_type=\"container\" data-e-type=\"container\">\n\t\t\t\t<div class=\"elementor-element elementor-element-b5d4acd elementor-widget elementor-widget-heading\" data-id=\"b5d4acd\" data-element_type=\"widget\" data-e-type=\"widget\" data-widget_type=\"heading.default\">\n\t\t\t\t<div class=\"elementor-widget-container\">\n\t\t\t\t\t<h2 class=\"elementor-heading-title elementor-size-default\">Ortodoncia<\/h2>\t\t\t\t<\/div>\n\t\t\t\t<\/div>\n\t\t\t\t<\/div>\n\t\t<div class=\"elementor-element elementor-element-8855703 e-con-full e-flex e-con e-child\" data-id=\"8855703\" data-element_type=\"container\" data-e-type=\"container\">\n\t\t\t\t<div class=\"elementor-element elementor-element-4e4fb48 elementor-widget elementor-widget-heading\" data-id=\"4e4fb48\" data-element_type=\"widget\" data-e-type=\"widget\" data-widget_type=\"heading.default\">\n\t\t\t\t<div class=\"elementor-widget-container\">\n\t\t\t\t\t<h2 class=\"elementor-heading-title elementor-size-default\">PADI <\/h2>\t\t\t\t<\/div>\n\t\t\t\t<\/div>\n\t\t\t\t<\/div>\n\t\t\t\t<\/div>\n\t\t<div class=\"elementor-element elementor-element-1d962b8 e-flex e-con-boxed e-con e-parent\" data-id=\"1d962b8\" data-element_type=\"container\" data-e-type=\"container\">\n\t\t\t\t\t<div class=\"e-con-inner\">\n\t\t\t\t<div class=\"elementor-element elementor-element-1f9ac71 elementor-widget elementor-widget-heading\" data-id=\"1f9ac71\" data-element_type=\"widget\" data-e-type=\"widget\" data-widget_type=\"heading.default\">\n\t\t\t\t<div class=\"elementor-widget-container\">\n\t\t\t\t\t<h2 class=\"elementor-heading-title elementor-size-default\">Colaboraci\u00f3n con IMQ<\/h2>\t\t\t\t<\/div>\n\t\t\t\t<\/div>\n\t\t\t\t<div class=\"elementor-element elementor-element-247ec5f elementor-widget elementor-widget-text-editor\" data-id=\"247ec5f\" data-element_type=\"widget\" data-e-type=\"widget\" data-widget_type=\"text-editor.default\">\n\t\t\t\t<div class=\"elementor-widget-container\">\n\t\t\t\t\t\t\t\t\t<p>Adaptamos nuestros servicios a pacientes que cuentan con cobertura de esta aseguradora, garantizando una atenci\u00f3n integral y accesible<\/p>\t\t\t\t\t\t\t\t<\/div>\n\t\t\t\t<\/div>\n\t\t\t\t\t<\/div>\n\t\t\t\t<\/div>\n\t\t\t\t<\/div>","protected":false},"excerpt":{"rendered":"<p>Tratamientos Blanqueamiento Dental Odontolog\u00eda General Implantes Dentales Pr\u00f3tesis Dentales Est\u00e9tica Dental Endodoncia Ortodoncia PADI Colaboraci\u00f3n con IMQ Adaptamos nuestros servicios a pacientes que cuentan con cobertura de esta aseguradora, garantizando una atenci\u00f3n integral y accesible<\/p>","protected":false},"author":4,"featured_media":0,"parent":0,"menu_order":0,"comment_status":"closed","ping_status":"closed","template":"","meta":{"footnotes":""},"class_list":["post-30","page","type-page","status-publish","hentry"],"yoast_head":"<!-- This site is optimized with the Yoast SEO plugin v27.3 - https:\/\/yoast.com\/product\/yoast-seo-wordpress\/ -->\n<title>Tratamientos - Cl\u00ednica Dental Igorre<\/title>\n<meta name=\"robots\" content=\"index, follow, max-snippet:-1, max-image-preview:large, max-video-preview:-1\" \/>\n<link rel=\"canonical\" href=\"https:\/\/clinicadentaligorre.com\/eu\/servicios\/\" \/>\n<meta property=\"og:locale\" content=\"en_US\" \/>\n<meta property=\"og:type\" content=\"article\" \/>\n<meta property=\"og:title\" content=\"Tratamientos - Cl\u00ednica Dental Igorre\" \/>\n<meta property=\"og:description\" content=\"Tratamientos Blanqueamiento Dental Odontolog\u00eda General Implantes Dentales Pr\u00f3tesis Dentales Est\u00e9tica Dental Endodoncia Ortodoncia PADI Colaboraci\u00f3n con IMQ Adaptamos nuestros servicios a pacientes que cuentan con cobertura de esta aseguradora, garantizando una atenci\u00f3n integral y accesible\" \/>\n<meta property=\"og:url\" content=\"https:\/\/clinicadentaligorre.com\/eu\/servicios\/\" \/>\n<meta property=\"og:site_name\" content=\"Cl\u00ednica Dental Igorre\" \/>\n<meta property=\"article:modified_time\" content=\"2025-02-10T09:17:06+00:00\" \/>\n<meta name=\"twitter:card\" content=\"summary_large_image\" \/>\n<meta name=\"twitter:label1\" content=\"Est. reading time\" \/>\n\t<meta name=\"twitter:data1\" content=\"1 minutua\" \/>\n<script type=\"application\/ld+json\" class=\"yoast-schema-graph\">{\"@context\":\"https:\\\/\\\/schema.org\",\"@graph\":[{\"@type\":\"WebPage\",\"@id\":\"https:\\\/\\\/clinicadentaligorre.com\\\/servicios\\\/\",\"url\":\"https:\\\/\\\/clinicadentaligorre.com\\\/servicios\\\/\",\"name\":\"Tratamientos - Cl\u00ednica Dental Igorre\",\"isPartOf\":{\"@id\":\"https:\\\/\\\/clinicadentaligorre.com\\\/#website\"},\"datePublished\":\"2024-09-20T11:50:15+00:00\",\"dateModified\":\"2025-02-10T09:17:06+00:00\",\"breadcrumb\":{\"@id\":\"https:\\\/\\\/clinicadentaligorre.com\\\/servicios\\\/#breadcrumb\"},\"inLanguage\":\"eu\",\"potentialAction\":[{\"@type\":\"ReadAction\",\"target\":[\"https:\\\/\\\/clinicadentaligorre.com\\\/servicios\\\/\"]}]},{\"@type\":\"BreadcrumbList\",\"@id\":\"https:\\\/\\\/clinicadentaligorre.com\\\/servicios\\\/#breadcrumb\",\"itemListElement\":[{\"@type\":\"ListItem\",\"position\":1,\"name\":\"Portada\",\"item\":\"https:\\\/\\\/clinicadentaligorre.com\\\/\"},{\"@type\":\"ListItem\",\"position\":2,\"name\":\"Tratamientos\"}]},{\"@type\":\"WebSite\",\"@id\":\"https:\\\/\\\/clinicadentaligorre.com\\\/#website\",\"url\":\"https:\\\/\\\/clinicadentaligorre.com\\\/\",\"name\":\"Cl\u00ednica Dental Igorre\",\"description\":\"Cl\u00ednica Dental\",\"publisher\":{\"@id\":\"https:\\\/\\\/clinicadentaligorre.com\\\/#organization\"},\"potentialAction\":[{\"@type\":\"SearchAction\",\"target\":{\"@type\":\"EntryPoint\",\"urlTemplate\":\"https:\\\/\\\/clinicadentaligorre.com\\\/?s={search_term_string}\"},\"query-input\":{\"@type\":\"PropertyValueSpecification\",\"valueRequired\":true,\"valueName\":\"search_term_string\"}}],\"inLanguage\":\"eu\"},{\"@type\":\"Organization\",\"@id\":\"https:\\\/\\\/clinicadentaligorre.com\\\/#organization\",\"name\":\"Cl\u00ednica Dental Igorre\",\"url\":\"https:\\\/\\\/clinicadentaligorre.com\\\/\",\"logo\":{\"@type\":\"ImageObject\",\"inLanguage\":\"eu\",\"@id\":\"https:\\\/\\\/clinicadentaligorre.com\\\/#\\\/schema\\\/logo\\\/image\\\/\",\"url\":\"https:\\\/\\\/clinicadentaligorre.com\\\/wp-content\\\/uploads\\\/2024\\\/12\\\/cropped-Borcelle.png\",\"contentUrl\":\"https:\\\/\\\/clinicadentaligorre.com\\\/wp-content\\\/uploads\\\/2024\\\/12\\\/cropped-Borcelle.png\",\"width\":500,\"height\":184,\"caption\":\"Cl\u00ednica Dental Igorre\"},\"image\":{\"@id\":\"https:\\\/\\\/clinicadentaligorre.com\\\/#\\\/schema\\\/logo\\\/image\\\/\"}}]}<\/script>\n<!-- \/ Yoast SEO plugin. -->","yoast_head_json":{"title":"Tratamientos - Cl\u00ednica Dental Igorre","robots":{"index":"index","follow":"follow","max-snippet":"max-snippet:-1","max-image-preview":"max-image-preview:large","max-video-preview":"max-video-preview:-1"},"canonical":"https:\/\/clinicadentaligorre.com\/eu\/servicios\/","og_locale":"en_US","og_type":"article","og_title":"Tratamientos - Cl\u00ednica Dental Igorre","og_description":"Tratamientos Blanqueamiento Dental Odontolog\u00eda General Implantes Dentales Pr\u00f3tesis Dentales Est\u00e9tica Dental Endodoncia Ortodoncia PADI Colaboraci\u00f3n con IMQ Adaptamos nuestros servicios a pacientes que cuentan con cobertura de esta aseguradora, garantizando una atenci\u00f3n integral y accesible","og_url":"https:\/\/clinicadentaligorre.com\/eu\/servicios\/","og_site_name":"Cl\u00ednica Dental Igorre","article_modified_time":"2025-02-10T09:17:06+00:00","twitter_card":"summary_large_image","twitter_misc":{"Est. reading time":"1 minutua"},"schema":{"@context":"https:\/\/schema.org","@graph":[{"@type":"WebPage","@id":"https:\/\/clinicadentaligorre.com\/servicios\/","url":"https:\/\/clinicadentaligorre.com\/servicios\/","name":"Tratamientos - Cl\u00ednica Dental Igorre","isPartOf":{"@id":"https:\/\/clinicadentaligorre.com\/#website"},"datePublished":"2024-09-20T11:50:15+00:00","dateModified":"2025-02-10T09:17:06+00:00","breadcrumb":{"@id":"https:\/\/clinicadentaligorre.com\/servicios\/#breadcrumb"},"inLanguage":"eu","potentialAction":[{"@type":"ReadAction","target":["https:\/\/clinicadentaligorre.com\/servicios\/"]}]},{"@type":"BreadcrumbList","@id":"https:\/\/clinicadentaligorre.com\/servicios\/#breadcrumb","itemListElement":[{"@type":"ListItem","position":1,"name":"Portada","item":"https:\/\/clinicadentaligorre.com\/"},{"@type":"ListItem","position":2,"name":"Tratamientos"}]},{"@type":"WebSite","@id":"https:\/\/clinicadentaligorre.com\/#website","url":"https:\/\/clinicadentaligorre.com\/","name":"Cl\u00ednica Dental Igorre","description":"Cl\u00ednica Dental","publisher":{"@id":"https:\/\/clinicadentaligorre.com\/#organization"},"potentialAction":[{"@type":"SearchAction","target":{"@type":"EntryPoint","urlTemplate":"https:\/\/clinicadentaligorre.com\/?s={search_term_string}"},"query-input":{"@type":"PropertyValueSpecification","valueRequired":true,"valueName":"search_term_string"}}],"inLanguage":"eu"},{"@type":"Organization","@id":"https:\/\/clinicadentaligorre.com\/#organization","name":"Cl\u00ednica Dental Igorre","url":"https:\/\/clinicadentaligorre.com\/","logo":{"@type":"ImageObject","inLanguage":"eu","@id":"https:\/\/clinicadentaligorre.com\/#\/schema\/logo\/image\/","url":"https:\/\/clinicadentaligorre.com\/wp-content\/uploads\/2024\/12\/cropped-Borcelle.png","contentUrl":"https:\/\/clinicadentaligorre.com\/wp-content\/uploads\/2024\/12\/cropped-Borcelle.png","width":500,"height":184,"caption":"Cl\u00ednica Dental Igorre"},"image":{"@id":"https:\/\/clinicadentaligorre.com\/#\/schema\/logo\/image\/"}}]}},"_links":{"self":[{"href":"https:\/\/clinicadentaligorre.com\/eu\/wp-json\/wp\/v2\/pages\/30","targetHints":{"allow":["GET"]}}],"collection":[{"href":"https:\/\/clinicadentaligorre.com\/eu\/wp-json\/wp\/v2\/pages"}],"about":[{"href":"https:\/\/clinicadentaligorre.com\/eu\/wp-json\/wp\/v2\/types\/page"}],"author":[{"embeddable":true,"href":"https:\/\/clinicadentaligorre.com\/eu\/wp-json\/wp\/v2\/users\/4"}],"replies":[{"embeddable":true,"href":"https:\/\/clinicadentaligorre.com\/eu\/wp-json\/wp\/v2\/comments?post=30"}],"version-history":[{"count":182,"href":"https:\/\/clinicadentaligorre.com\/eu\/wp-json\/wp\/v2\/pages\/30\/revisions"}],"predecessor-version":[{"id":867,"href":"https:\/\/clinicadentaligorre.com\/eu\/wp-json\/wp\/v2\/pages\/30\/revisions\/867"}],"wp:attachment":[{"href":"https:\/\/clinicadentaligorre.com\/eu\/wp-json\/wp\/v2\/media?parent=30"}],"curies":[{"name":"wp","href":"https:\/\/api.w.org\/{rel}","templated":true}]}}