{"id":875,"date":"2025-02-21T10:04:27","date_gmt":"2025-02-21T10:04:27","guid":{"rendered":"https:\/\/clinicadentaligorre.rkinformatika.online\/?page_id=875"},"modified":"2025-02-25T14:51:39","modified_gmt":"2025-02-25T14:51:39","slug":"politicas-de-privacidad","status":"publish","type":"page","link":"https:\/\/clinicadentaligorre.com\/eu\/politicas-de-privacidad\/","title":{"rendered":"Pribatutasun-politikak"},"content":{"rendered":"<div data-elementor-type=\"wp-page\" data-elementor-id=\"875\" class=\"elementor elementor-875\" data-elementor-post-type=\"page\">\n\t\t\t\t\t\t<section class=\"elementor-section elementor-top-section elementor-element elementor-element-1befa4c elementor-section-boxed elementor-section-height-default elementor-section-height-default\" data-id=\"1befa4c\" data-element_type=\"section\" data-e-type=\"section\">\n\t\t\t\t\t\t<div class=\"elementor-container elementor-column-gap-default\">\n\t\t\t\t\t<div class=\"elementor-column elementor-col-100 elementor-top-column elementor-element elementor-element-052b2b4\" data-id=\"052b2b4\" data-element_type=\"column\" data-e-type=\"column\">\n\t\t\t<div class=\"elementor-widget-wrap elementor-element-populated\">\n\t\t\t\t\t\t<div class=\"elementor-element elementor-element-674910f elementor-widget elementor-widget-text-editor\" data-id=\"674910f\" data-element_type=\"widget\" data-e-type=\"widget\" data-widget_type=\"text-editor.default\">\n\t\t\t\t<div class=\"elementor-widget-container\">\n\t\t\t\t\t\t\t\t\t<h1 class=\"western\" align=\"center\"><span style=\"color: #049cc1;\"><span style=\"font-family: Montserrat, serif;\">POL\u00cdTICA DE PRIVACIDAD<\/span><\/span><\/h1><p align=\"justify\"><span style=\"font-family: Montserrat, serif;\"><span style=\"font-size: small;\">La presente Pol\u00edtica de Privacidad regula el uso del servicio del portal de Internet con direcci\u00f3n , cuyo responsable a efectos identificativos es:<\/span><\/span><\/p><ul><li value=\"1\"><p align=\"justify\"><span style=\"font-family: Montserrat, serif;\"><span style=\"font-size: small;\">Responsable: MARIA PILAR SANCHEZ ARTETXE<\/span><\/span><\/p><\/li><li><p align=\"justify\"><span style=\"font-family: Montserrat, serif;\"><span style=\"font-size: small;\">NIF: 14575946H<\/span><\/span><\/p><\/li><li><p align=\"justify\"><span style=\"font-family: Montserrat, serif;\"><span style=\"font-size: small;\">Direcci\u00f3n: LEHENDAKARI AGIRRE ETORBIDEA, 4, 1\u00ba D<\/span><\/span><\/p><\/li><li><p align=\"justify\"><span style=\"font-family: Montserrat, serif;\"><span style=\"font-size: small;\">Tel\u00e9fono: 946736560<\/span><\/span><\/p><\/li><li><p align=\"justify\"><span style=\"font-family: Montserrat, serif;\"><span style=\"font-size: small;\">Mail: CLINICADENTALIGORRE@GMAIL.COM<\/span><\/span><\/p><\/li><\/ul><p align=\"justify\"><span style=\"color: #049cc1;\"><span style=\"font-family: Montserrat, serif;\"><span style=\"font-size: small;\"><u><b>Finalidad, \u00bfPara qu\u00e9 tratamos sus datos?<\/b><\/u><\/span><\/span><\/span><\/p><p align=\"justify\"><span style=\"font-family: Montserrat, serif;\"><span style=\"font-size: small;\">A efecto de lo previsto en RGPD de 27 de abril de 2016, y la LO 3\/2018, trataremos los datos que recojamos para las siguientes finalidades:<\/span><\/span><\/p><ul><li><p align=\"justify\"><span style=\"font-family: Montserrat, serif;\"><span style=\"font-size: small;\">Gestionar su navegaci\u00f3n en la web, en su caso.<\/span><\/span><\/p><\/li><\/ul><p align=\"justify\"><span style=\"color: #049cc1;\"><span style=\"font-family: Montserrat, serif;\"><span style=\"font-size: small;\"><u><b>Legitimaci\u00f3n, \u00bfCu\u00e1l es la legitimaci\u00f3n para el tratamiento de sus datos?<\/b><\/u><\/span><\/span><\/span><\/p><p align=\"justify\"><span style=\"font-family: Montserrat, serif;\"><span style=\"font-size: small;\">La base legal para el tratamiento de sus datos se basar\u00e1 en:<\/span><\/span><\/p><ul><li value=\"1\"><p align=\"justify\"><span style=\"font-family: Montserrat, serif;\"><span style=\"font-size: small;\">El consentimiento del interesado, para el tratamiento de sus datos, conforme el art\u00edculo 6. 1. a) del Reglamento General Europeo de Protecci\u00f3n de Datos.<\/span><\/span><\/p><\/li><li><p align=\"justify\"><span style=\"font-family: Montserrat, serif;\"><span style=\"font-size: small;\">La necesaria ejecuci\u00f3n de un contrato en el que el interesado es parte o para la aplicaci\u00f3n a petici\u00f3n de este de medidas precontractuales, conforme el art\u00edculo 6. 1. b) del Reglamento General Europeo de Protecci\u00f3n de Datos.<\/span><\/span><\/p><\/li><\/ul><p align=\"justify\"><span style=\"color: #049cc1;\"><span style=\"font-family: Montserrat, serif;\"><span style=\"font-size: small;\"><u><b>Destinatarios \u00bfA qui\u00e9n comunicamos tus datos?<\/b><\/u><\/span><\/span><\/span><\/p><p align=\"justify\"><span style=\"font-family: Montserrat, serif;\"><span style=\"font-size: small;\">Los datos personales no ser\u00e1n objeto de cesi\u00f3n, salvo en el cumplimiento de obligaciones legalmente establecidas o para dar soporte a los servicios vinculados a este tratamiento.<\/span><\/span><\/p><p align=\"justify\"><span style=\"color: #049cc1;\"><span style=\"font-family: Montserrat, serif;\"><span style=\"font-size: small;\"><u><b>Conservaci\u00f3n, \u00bfDurante cu\u00e1nto tiempo conservamos tus datos?<\/b><\/u><\/span><\/span><\/span><\/p><p align=\"justify\"><span style=\"font-family: Montserrat, serif;\"><span style=\"font-size: small;\">Conservaremos sus datos de car\u00e1cter personal durante al menos 5 a\u00f1os en caso de que sea cliente y para el estricto cumplimiento de las obligaciones legales establecidas en la normativa.<\/span><\/span><\/p><p align=\"justify\"><span style=\"font-family: Montserrat, serif;\"><span style=\"font-size: small;\">En caso de no ser cliente conservaremos sus datos el m\u00ednimo tiempo indispensable para gestionar nuestra relaci\u00f3n.<\/span><\/span><\/p><p align=\"justify\"><span style=\"color: #049cc1;\"><span style=\"font-family: Montserrat, serif;\"><span style=\"font-size: small;\"><u><b>Derechos, \u00bfCu\u00e1les son tus derechos cuando nos facilitas tus datos?<\/b><\/u><\/span><\/span><\/span><\/p><p align=\"justify\"><span style=\"font-family: Montserrat, serif;\"><span style=\"font-size: small;\">Cualquier persona tiene derecho a obtener confirmaci\u00f3n sobre si se est\u00e1n tratando datos personales que le conciernan.<\/span><\/span><\/p><p align=\"justify\"><span style=\"font-family: Montserrat, serif;\"><span style=\"font-size: small;\">Las personas interesadas tienen derecho a poder acceder a sus datos personales, as\u00ed como a solicitar la rectificaci\u00f3n de los datos inexactos o, en su caso, solicitar su supresi\u00f3n cuando, entre otros motivos, los datos ya no sean necesarios para los fines que fueron recogidos.<\/span><\/span><\/p><p align=\"justify\"><span style=\"font-family: Montserrat, serif;\"><span style=\"font-size: small;\">En determinadas circunstancias, las personas interesadas podr\u00e1n solicitar la limitaci\u00f3n del tratamiento de sus datos, en cuyo caso \u00fanicamente los conservaremos para el ejercicio o la defensa de reclamaciones.<\/span><\/span><\/p><p align=\"justify\"><span style=\"font-family: Montserrat, serif;\"><span style=\"font-size: small;\">En determinadas circunstancias y por motivos relacionados con su situaci\u00f3n particular, las personas interesadas podr\u00e1n oponerse al tratamiento de sus datos. En tal caso, dejar\u00e1n de tratarse los datos, salvo por motivos leg\u00edtimos o el ejercicio o la defensa de posibles reclamaciones.<\/span><\/span><\/p><p align=\"justify\"><span style=\"font-family: Montserrat, serif;\"><span style=\"font-size: small;\">Las personas interesadas podr\u00e1n solicitar la portabilidad de los datos para obtener los datos que han proporcionado en un formato estructurado, de uso com\u00fan y de lectura mec\u00e1nica, para ser descargados por s\u00ed mismos o transmitidos a otra entidad.<\/span><\/span><\/p><p align=\"justify\"><span style=\"font-family: Montserrat, serif;\"><span style=\"font-size: small;\">La persona interesada puede ejercitar sus derechos dirigiendo un correo electr\u00f3nico a la direcci\u00f3n de correo electr\u00f3nico CLINICADENTALIGORRE@GMAIL.COM, o en su caso a la direcci\u00f3n f\u00edsica LEHENDAKARI AGIRRE ETORBIDEA, 4, 1\u00ba D.<\/span><\/span><\/p><p align=\"justify\"><span style=\"color: #049cc1;\"><span style=\"font-family: Montserrat, serif;\"><span style=\"font-size: small;\"><u><b>Consentimiento menor, \u00bfQu\u00e9 pasa si eres menor de edad?<\/b><\/u><\/span><\/span><\/span><\/p><p align=\"justify\"><span style=\"font-family: Montserrat, serif;\"><span style=\"font-size: small;\">En el supuesto que algunos de nuestros servicios vayan dirigidos espec\u00edficamente a menores de catorce a\u00f1os, solicitaremos la conformidad de los padres o tutores para la recogida de los datos personales o, en su caso, para el tratamiento automatizado de los datos conforme el art\u00edculo 7 de la LOPDGDD.<\/span><\/span><\/p><p align=\"justify\"><span style=\"color: #049cc1;\"><span style=\"font-family: Montserrat, serif;\"><span style=\"font-size: small;\"><u><b>Exactitud, veracidad y seguridad de los datos, \u00bfC\u00f3mo tratamos tus datos?<\/b><\/u><\/span><\/span><\/span><\/p><p align=\"justify\"><span style=\"font-family: Montserrat, serif;\"><span style=\"font-size: small;\">El Usuario es el \u00fanico responsable de la veracidad y correcci\u00f3n de los datos incluidos, exoner\u00e1ndonos de cualquier responsabilidad al respecto. Los usuarios garantizan y responden, en cualquier caso, de la exactitud, vigencia y autenticidad de los datos personales facilitados, y se comprometen a mantenerlos debidamente actualizados. El usuario acepta proporcionar informaci\u00f3n completa y correcta en los formularios de registro o suscripci\u00f3n. No responderemos de la veracidad de las informaciones que no sean de elaboraci\u00f3n propia y de las que se indique otra fuente, por lo que tampoco asume responsabilidad alguna en cuanto a hipot\u00e9ticos perjuicios que pudieran originarse por el uso de dicha informaci\u00f3n.<\/span><\/span><\/p><p align=\"justify\"><span style=\"font-family: Montserrat, serif;\"><span style=\"font-size: small;\">Tambi\u00e9n reservaremos el derecho a actualizar, modificar o eliminar la informaci\u00f3n contenida en la web, pudiendo incluso limitar o no permitir el acceso a dicha informaci\u00f3n. No seremos responsables ante cualquier da\u00f1o o perjuicio que pudiera sufrir el Usuario como consecuencia de errores, defectos u omisiones, en la informaci\u00f3n facilitada por el responsable, siempre que proceda de fuentes ajenas.<\/span><\/span><\/p><p align=\"justify\"><span style=\"font-family: Montserrat, serif;\"><span style=\"font-size: small;\">Los datos ser\u00e1n tratados de forma confidencial y bajo el sometimiento a medidas t\u00e9cnicas y organizativas de seguridad adecuadas para evitar su alteraci\u00f3n, p\u00e9rdida, tratamiento o acceso no autorizado.<\/span><\/span><\/p><p align=\"justify\"><span style=\"font-family: Montserrat, serif;\"><span style=\"font-size: small;\">Podr\u00e1 presentar una reclamaci\u00f3n ante la Agencia Espa\u00f1ola de Protecci\u00f3n de Datos, especialmente cuando no haya obtenido satisfacci\u00f3n en el ejercicio de sus derechos, en la direcci\u00f3n postal y\/o electr\u00f3nica indicada en la p\u00e1gina www.aepd.es.<\/span><\/span><\/p>\t\t\t\t\t\t\t\t<\/div>\n\t\t\t\t<\/div>\n\t\t\t\t\t<\/div>\n\t\t<\/div>\n\t\t\t\t\t<\/div>\n\t\t<\/section>\n\t\t\t\t<\/div>","protected":false},"excerpt":{"rendered":"<p>POL\u00cdTICA DE PRIVACIDAD La presente Pol\u00edtica de Privacidad regula el uso del servicio del portal de Internet con direcci\u00f3n , cuyo responsable a efectos identificativos es: Responsable: MARIA PILAR SANCHEZ ARTETXE NIF: 14575946H Direcci\u00f3n: LEHENDAKARI AGIRRE ETORBIDEA, 4, 1\u00ba D Tel\u00e9fono: 946736560 Mail: CLINICADENTALIGORRE@GMAIL.COM Finalidad, \u00bfPara qu\u00e9 tratamos sus datos? A efecto de lo previsto [&hellip;]<\/p>\n","protected":false},"author":4,"featured_media":0,"parent":0,"menu_order":0,"comment_status":"closed","ping_status":"closed","template":"elementor_canvas","meta":{"footnotes":""},"class_list":["post-875","page","type-page","status-publish","hentry"],"yoast_head":"<!-- This site is optimized with the Yoast SEO plugin v27.3 - https:\/\/yoast.com\/product\/yoast-seo-wordpress\/ -->\n<title>Pol\u00edticas de Privacidad - Cl\u00ednica Dental Igorre<\/title>\n<meta name=\"robots\" content=\"index, follow, max-snippet:-1, max-image-preview:large, max-video-preview:-1\" \/>\n<link rel=\"canonical\" href=\"https:\/\/clinicadentaligorre.com\/eu\/politicas-de-privacidad\/\" \/>\n<meta property=\"og:locale\" content=\"en_US\" \/>\n<meta property=\"og:type\" content=\"article\" \/>\n<meta property=\"og:title\" content=\"Pol\u00edticas de Privacidad - Cl\u00ednica Dental Igorre\" \/>\n<meta property=\"og:description\" content=\"POL\u00cdTICA DE PRIVACIDAD La presente Pol\u00edtica de Privacidad regula el uso del servicio del portal de Internet con direcci\u00f3n , cuyo responsable a efectos identificativos es: Responsable: MARIA PILAR SANCHEZ ARTETXE NIF: 14575946H Direcci\u00f3n: LEHENDAKARI AGIRRE ETORBIDEA, 4, 1\u00ba D Tel\u00e9fono: 946736560 Mail: CLINICADENTALIGORRE@GMAIL.COM Finalidad, \u00bfPara qu\u00e9 tratamos sus datos? A efecto de lo previsto [&hellip;]\" \/>\n<meta property=\"og:url\" content=\"https:\/\/clinicadentaligorre.com\/eu\/politicas-de-privacidad\/\" \/>\n<meta property=\"og:site_name\" content=\"Cl\u00ednica Dental Igorre\" \/>\n<meta property=\"article:modified_time\" content=\"2025-02-25T14:51:39+00:00\" \/>\n<meta name=\"twitter:card\" content=\"summary_large_image\" \/>\n<meta name=\"twitter:label1\" content=\"Est. reading time\" \/>\n\t<meta name=\"twitter:data1\" content=\"4 minutua\" \/>\n<script type=\"application\/ld+json\" class=\"yoast-schema-graph\">{\"@context\":\"https:\\\/\\\/schema.org\",\"@graph\":[{\"@type\":\"WebPage\",\"@id\":\"https:\\\/\\\/clinicadentaligorre.com\\\/politicas-de-privacidad\\\/\",\"url\":\"https:\\\/\\\/clinicadentaligorre.com\\\/politicas-de-privacidad\\\/\",\"name\":\"Pol\u00edticas de Privacidad - Cl\u00ednica Dental Igorre\",\"isPartOf\":{\"@id\":\"https:\\\/\\\/clinicadentaligorre.com\\\/#website\"},\"datePublished\":\"2025-02-21T10:04:27+00:00\",\"dateModified\":\"2025-02-25T14:51:39+00:00\",\"breadcrumb\":{\"@id\":\"https:\\\/\\\/clinicadentaligorre.com\\\/politicas-de-privacidad\\\/#breadcrumb\"},\"inLanguage\":\"eu\",\"potentialAction\":[{\"@type\":\"ReadAction\",\"target\":[\"https:\\\/\\\/clinicadentaligorre.com\\\/politicas-de-privacidad\\\/\"]}]},{\"@type\":\"BreadcrumbList\",\"@id\":\"https:\\\/\\\/clinicadentaligorre.com\\\/politicas-de-privacidad\\\/#breadcrumb\",\"itemListElement\":[{\"@type\":\"ListItem\",\"position\":1,\"name\":\"Portada\",\"item\":\"https:\\\/\\\/clinicadentaligorre.com\\\/\"},{\"@type\":\"ListItem\",\"position\":2,\"name\":\"Pol\u00edticas de Privacidad\"}]},{\"@type\":\"WebSite\",\"@id\":\"https:\\\/\\\/clinicadentaligorre.com\\\/#website\",\"url\":\"https:\\\/\\\/clinicadentaligorre.com\\\/\",\"name\":\"Cl\u00ednica Dental Igorre\",\"description\":\"Cl\u00ednica Dental\",\"publisher\":{\"@id\":\"https:\\\/\\\/clinicadentaligorre.com\\\/#organization\"},\"potentialAction\":[{\"@type\":\"SearchAction\",\"target\":{\"@type\":\"EntryPoint\",\"urlTemplate\":\"https:\\\/\\\/clinicadentaligorre.com\\\/?s={search_term_string}\"},\"query-input\":{\"@type\":\"PropertyValueSpecification\",\"valueRequired\":true,\"valueName\":\"search_term_string\"}}],\"inLanguage\":\"eu\"},{\"@type\":\"Organization\",\"@id\":\"https:\\\/\\\/clinicadentaligorre.com\\\/#organization\",\"name\":\"Cl\u00ednica Dental Igorre\",\"url\":\"https:\\\/\\\/clinicadentaligorre.com\\\/\",\"logo\":{\"@type\":\"ImageObject\",\"inLanguage\":\"eu\",\"@id\":\"https:\\\/\\\/clinicadentaligorre.com\\\/#\\\/schema\\\/logo\\\/image\\\/\",\"url\":\"https:\\\/\\\/clinicadentaligorre.com\\\/wp-content\\\/uploads\\\/2024\\\/12\\\/cropped-Borcelle.png\",\"contentUrl\":\"https:\\\/\\\/clinicadentaligorre.com\\\/wp-content\\\/uploads\\\/2024\\\/12\\\/cropped-Borcelle.png\",\"width\":500,\"height\":184,\"caption\":\"Cl\u00ednica Dental Igorre\"},\"image\":{\"@id\":\"https:\\\/\\\/clinicadentaligorre.com\\\/#\\\/schema\\\/logo\\\/image\\\/\"}}]}<\/script>\n<!-- \/ Yoast SEO plugin. -->","yoast_head_json":{"title":"Pol\u00edticas de Privacidad - Cl\u00ednica Dental Igorre","robots":{"index":"index","follow":"follow","max-snippet":"max-snippet:-1","max-image-preview":"max-image-preview:large","max-video-preview":"max-video-preview:-1"},"canonical":"https:\/\/clinicadentaligorre.com\/eu\/politicas-de-privacidad\/","og_locale":"en_US","og_type":"article","og_title":"Pol\u00edticas de Privacidad - Cl\u00ednica Dental Igorre","og_description":"POL\u00cdTICA DE PRIVACIDAD La presente Pol\u00edtica de Privacidad regula el uso del servicio del portal de Internet con direcci\u00f3n , cuyo responsable a efectos identificativos es: Responsable: MARIA PILAR SANCHEZ ARTETXE NIF: 14575946H Direcci\u00f3n: LEHENDAKARI AGIRRE ETORBIDEA, 4, 1\u00ba D Tel\u00e9fono: 946736560 Mail: CLINICADENTALIGORRE@GMAIL.COM Finalidad, \u00bfPara qu\u00e9 tratamos sus datos? A efecto de lo previsto [&hellip;]","og_url":"https:\/\/clinicadentaligorre.com\/eu\/politicas-de-privacidad\/","og_site_name":"Cl\u00ednica Dental Igorre","article_modified_time":"2025-02-25T14:51:39+00:00","twitter_card":"summary_large_image","twitter_misc":{"Est. reading time":"4 minutua"},"schema":{"@context":"https:\/\/schema.org","@graph":[{"@type":"WebPage","@id":"https:\/\/clinicadentaligorre.com\/politicas-de-privacidad\/","url":"https:\/\/clinicadentaligorre.com\/politicas-de-privacidad\/","name":"Pol\u00edticas de Privacidad - Cl\u00ednica Dental Igorre","isPartOf":{"@id":"https:\/\/clinicadentaligorre.com\/#website"},"datePublished":"2025-02-21T10:04:27+00:00","dateModified":"2025-02-25T14:51:39+00:00","breadcrumb":{"@id":"https:\/\/clinicadentaligorre.com\/politicas-de-privacidad\/#breadcrumb"},"inLanguage":"eu","potentialAction":[{"@type":"ReadAction","target":["https:\/\/clinicadentaligorre.com\/politicas-de-privacidad\/"]}]},{"@type":"BreadcrumbList","@id":"https:\/\/clinicadentaligorre.com\/politicas-de-privacidad\/#breadcrumb","itemListElement":[{"@type":"ListItem","position":1,"name":"Portada","item":"https:\/\/clinicadentaligorre.com\/"},{"@type":"ListItem","position":2,"name":"Pol\u00edticas de Privacidad"}]},{"@type":"WebSite","@id":"https:\/\/clinicadentaligorre.com\/#website","url":"https:\/\/clinicadentaligorre.com\/","name":"Cl\u00ednica Dental Igorre","description":"Cl\u00ednica Dental","publisher":{"@id":"https:\/\/clinicadentaligorre.com\/#organization"},"potentialAction":[{"@type":"SearchAction","target":{"@type":"EntryPoint","urlTemplate":"https:\/\/clinicadentaligorre.com\/?s={search_term_string}"},"query-input":{"@type":"PropertyValueSpecification","valueRequired":true,"valueName":"search_term_string"}}],"inLanguage":"eu"},{"@type":"Organization","@id":"https:\/\/clinicadentaligorre.com\/#organization","name":"Cl\u00ednica Dental Igorre","url":"https:\/\/clinicadentaligorre.com\/","logo":{"@type":"ImageObject","inLanguage":"eu","@id":"https:\/\/clinicadentaligorre.com\/#\/schema\/logo\/image\/","url":"https:\/\/clinicadentaligorre.com\/wp-content\/uploads\/2024\/12\/cropped-Borcelle.png","contentUrl":"https:\/\/clinicadentaligorre.com\/wp-content\/uploads\/2024\/12\/cropped-Borcelle.png","width":500,"height":184,"caption":"Cl\u00ednica Dental Igorre"},"image":{"@id":"https:\/\/clinicadentaligorre.com\/#\/schema\/logo\/image\/"}}]}},"_links":{"self":[{"href":"https:\/\/clinicadentaligorre.com\/eu\/wp-json\/wp\/v2\/pages\/875","targetHints":{"allow":["GET"]}}],"collection":[{"href":"https:\/\/clinicadentaligorre.com\/eu\/wp-json\/wp\/v2\/pages"}],"about":[{"href":"https:\/\/clinicadentaligorre.com\/eu\/wp-json\/wp\/v2\/types\/page"}],"author":[{"embeddable":true,"href":"https:\/\/clinicadentaligorre.com\/eu\/wp-json\/wp\/v2\/users\/4"}],"replies":[{"embeddable":true,"href":"https:\/\/clinicadentaligorre.com\/eu\/wp-json\/wp\/v2\/comments?post=875"}],"version-history":[{"count":13,"href":"https:\/\/clinicadentaligorre.com\/eu\/wp-json\/wp\/v2\/pages\/875\/revisions"}],"predecessor-version":[{"id":914,"href":"https:\/\/clinicadentaligorre.com\/eu\/wp-json\/wp\/v2\/pages\/875\/revisions\/914"}],"wp:attachment":[{"href":"https:\/\/clinicadentaligorre.com\/eu\/wp-json\/wp\/v2\/media?parent=875"}],"curies":[{"name":"wp","href":"https:\/\/api.w.org\/{rel}","templated":true}]}}